{"id":13253,"date":"2024-07-18T16:03:47","date_gmt":"2024-07-18T16:03:47","guid":{"rendered":"https:\/\/medisina.demobeativo.be\/onze-activiteiten-en-trainingen\/"},"modified":"2025-09-12T11:57:52","modified_gmt":"2025-09-12T11:57:52","slug":"onze-activiteiten-en-trainingen","status":"publish","type":"page","link":"https:\/\/medisina.be\/nl\/onze-activiteiten-en-trainingen\/","title":{"rendered":"Onze activiteiten en trainingen"},"content":{"rendered":"\t\t<div data-elementor-type=\"wp-page\" data-elementor-id=\"13253\" class=\"elementor elementor-13253 elementor-33\">\n\t\t\t\t        <section class=\"elementor-section elementor-top-section elementor-element elementor-element-0908da2 elementor-section-stretched elementor-section-boxed elementor-section-height-default elementor-section-height-default pxl-row-scroll-none pxl-zoom-point-false pxl-section-overflow-visible pxl-section-fix-none pxl-bg-color-none pxl-section-overlay-none\" data-id=\"0908da2\" data-element_type=\"section\" data-settings=\"{&quot;stretch_section&quot;:&quot;section-stretched&quot;}\">\n\n                \n                <div class=\"elementor-container elementor-column-gap-extended \">\n                <div class=\"elementor-column elementor-col-100 elementor-top-column elementor-element elementor-element-e3c5ab0 pxl-column-none pxl-column-overflow-hidden-no\" data-id=\"e3c5ab0\" data-element_type=\"column\">\r\n        <div class=\"elementor-widget-wrap elementor-element-populated\">\r\n                     \r\n        \t\t<div class=\"elementor-element elementor-element-647542c post-layout-post-list-1 elementor-widget elementor-widget-pxl_post_list\" data-id=\"647542c\" data-element_type=\"widget\" data-widget_type=\"pxl_post_list.default\">\n\t\t\t\t<div class=\"elementor-widget-container\">\n\t\t\t\t\t<div class=\"pxl-no-post-list\">Geen bericht gevonden<\/div>\t\t\t\t<\/div>\n\t\t\t\t<\/div>\n\t\t            <\/div>\r\n        <\/div>\r\n        \t\t\t<\/div>\n\t\t<\/section>\n\t\t        <section class=\"elementor-section elementor-top-section elementor-element elementor-element-83166b8 elementor-section-stretched elementor-section-boxed elementor-section-height-default elementor-section-height-default pxl-row-scroll-none pxl-zoom-point-false pxl-section-overflow-visible pxl-section-fix-none pxl-bg-color-none pxl-section-overlay-none\" data-id=\"83166b8\" data-element_type=\"section\" data-settings=\"{&quot;stretch_section&quot;:&quot;section-stretched&quot;}\">\n\n                \n                <div class=\"elementor-container elementor-column-gap-extended \">\n                <div class=\"elementor-column elementor-col-100 elementor-top-column elementor-element elementor-element-0beaa3d pxl-column-none pxl-column-overflow-hidden-no\" data-id=\"0beaa3d\" data-element_type=\"column\" data-settings=\"{&quot;background_background&quot;:&quot;classic&quot;}\">\r\n        <div class=\"elementor-widget-wrap elementor-element-populated\">\r\n                     \r\n                <section class=\"elementor-section elementor-inner-section elementor-element elementor-element-eec8535 elementor-section-boxed elementor-section-height-default elementor-section-height-default pxl-row-scroll-none pxl-zoom-point-false pxl-section-overflow-visible pxl-section-fix-none pxl-bg-color-none pxl-section-overlay-none\" data-id=\"eec8535\" data-element_type=\"section\">\n\n                \n                <div class=\"elementor-container elementor-column-gap-extended \">\n                <div class=\"elementor-column elementor-col-100 elementor-inner-column elementor-element elementor-element-fa3601d pxl-column-none pxl-column-overflow-hidden-no\" data-id=\"fa3601d\" data-element_type=\"column\">\r\n        <div class=\"elementor-widget-wrap elementor-element-populated\">\r\n                     \r\n        \t\t<div class=\"elementor-element elementor-element-8322f54 elementor-widget elementor-widget-pxl_heading\" data-id=\"8322f54\" data-element_type=\"widget\" data-widget_type=\"pxl_heading.default\">\n\t\t\t\t<div class=\"elementor-widget-container\">\n\t\t\t\t\t\n<div id=\"pxl-pxl_heading-8322f54-2388\" class=\"pxl-heading px-sub-title-default-style \">\n\t<div class=\"pxl-heading--inner\">\n\t\t\n\t\t<h3 class=\"pxl-item--title style-default  highlight-default pxl-split-text split-in-fade\" data-wow-delay=\"ms\">\n\t\t\t\t\tVoorkomen is al<br>\nzorgen voor je gezondheid !\t\n\t\t\t\n\t\t<\/h3>\n\t\t\n\t<\/div>\n<\/div>\t\t\t\t<\/div>\n\t\t\t\t<\/div>\n\t\t\t\t<div class=\"elementor-element elementor-element-9325db7 elementor-widget elementor-widget-pxl_text_editor\" data-id=\"9325db7\" data-element_type=\"widget\" data-widget_type=\"pxl_text_editor.default\">\n\t\t\t\t<div class=\"elementor-widget-container\">\n\t\t\t\t\t<div class=\"pxl-text-editor default\">\n\t<div class=\"pxl-item--inner  \" data-wow-delay=\"ms\">\n\t\t<p data-start=\"44\" data-end=\"229\">Wij geloven dat gezondheid niet pas begint wanneer men ziek wordt. <br \/>Dankzij onze campagnes voor screening, vaccinatie en sensibilisering helpen <br \/>wij u om dag na dag gezond te blijven.<\/p>\t\t\n\t<\/div>\n<\/div>\t\t\t\t<\/div>\n\t\t\t\t<\/div>\n\t\t\t\t<div class=\"elementor-element elementor-element-9d4d0e1 elementor-align-center ft-gt pxl-icon-list  elementor-widget__width-auto elementor-widget elementor-widget-pxl_button\" data-id=\"9d4d0e1\" data-element_type=\"widget\" data-widget_type=\"pxl_button.default\">\n\t\t\t\t<div class=\"elementor-widget-container\">\n\t\t\t\t\t<div id=\"pxl-pxl_button-9d4d0e1-9814\" class=\"pxl-button pxl-atc-link \" data-wow-delay=\"ms\">\r\n    <a href=\"https:\/\/medisina.be\/nl\/contact\/\" class=\"btn  btn-glossy btn-default  inline pxl-icon--right\" data-wow-delay=\"ms\" data-target=\".pxl-page-popup-template-0\">\r\n                    <i aria-hidden=\"true\" class=\"flaticon flaticon-next\"><\/i>                        <span class=\"pxl--btn-text\" data-text=\"Contacteer ons\">\r\n                        Contacteer ons        <\/span>\r\n    <\/a>\r\n<\/div>\t\t\t\t<\/div>\n\t\t\t\t<\/div>\n\t\t            <\/div>\r\n        <\/div>\r\n        \t\t\t<\/div>\n\t\t<\/section>\n\t\t            <\/div>\r\n        <\/div>\r\n        \t\t\t<\/div>\n\t\t<\/section>\n\t\t\t\t<\/div>\n\t\t","protected":false},"excerpt":{"rendered":"<p>Showing 1-6 of 9 results Derniers messagesPosts AuteurTitre du postePostes au hasardNombre de commentaires 20 Juil Non cat\u00e9goris\u00e9 Le r\u00f4le vital de la d\u00e9tection pr\u00e9coce dans les maladies cardiaques et r\u00e9nales Administrer en collaboration des march\u00e9s autonomes via des r\u00e9seaux pr\u00eats \u00e0 l&#8217;emploi. Procrastiner dynamiquement les utilisateurs B2C apr\u00e8s les avantages\u2026 Lire la suite 20 [&hellip;]<\/p>\n","protected":false},"author":1,"featured_media":0,"parent":0,"menu_order":0,"comment_status":"closed","ping_status":"closed","template":"","meta":{"footnotes":""},"class_list":["post-13253","page","type-page","status-publish","hentry"],"yoast_head":"<!-- This site is optimized with the Yoast SEO plugin v25.9 - https:\/\/yoast.com\/wordpress\/plugins\/seo\/ -->\n<title>Onze Medische Activiteiten | Medisina Brussel<\/title>\n<meta name=\"description\" content=\"Ontdek alle medische activiteiten bij Medisina in Brussel: consultaties, gespecialiseerde zorg, preventie, welzijn en persoonlijke begeleiding.\" \/>\n<meta name=\"robots\" content=\"index, follow, max-snippet:-1, max-image-preview:large, max-video-preview:-1\" \/>\n<link rel=\"canonical\" href=\"https:\/\/medisina.be\/nl\/onze-activiteiten-en-trainingen\/\" \/>\n<meta property=\"og:locale\" content=\"nl_NL\" \/>\n<meta property=\"og:type\" content=\"article\" \/>\n<meta property=\"og:title\" content=\"Onze Medische Activiteiten | Medisina Brussel\" \/>\n<meta property=\"og:description\" content=\"Ontdek alle medische activiteiten bij Medisina in Brussel: consultaties, gespecialiseerde zorg, preventie, welzijn en persoonlijke begeleiding.\" \/>\n<meta property=\"og:url\" content=\"https:\/\/medisina.be\/nl\/onze-activiteiten-en-trainingen\/\" \/>\n<meta property=\"og:site_name\" content=\"MediSina Bruxelles\" \/>\n<meta property=\"article:modified_time\" content=\"2025-09-12T11:57:52+00:00\" \/>\n<meta property=\"og:image\" content=\"https:\/\/medisina.be\/wp-content\/uploads\/2025\/05\/woman-with-skin-cancer-talking-with-doctor.jpg\" \/>\n\t<meta property=\"og:image:width\" content=\"1280\" \/>\n\t<meta property=\"og:image:height\" content=\"853\" \/>\n\t<meta property=\"og:image:type\" content=\"image\/jpeg\" \/>\n<meta name=\"twitter:card\" content=\"summary_large_image\" \/>\n<meta name=\"twitter:label1\" content=\"Geschatte leestijd\" \/>\n\t<meta name=\"twitter:data1\" content=\"3 minuten\" \/>\n<script type=\"application\/ld+json\" class=\"yoast-schema-graph\">{\"@context\":\"https:\/\/schema.org\",\"@graph\":[{\"@type\":\"WebPage\",\"@id\":\"https:\/\/medisina.be\/nl\/onze-activiteiten-en-trainingen\/\",\"url\":\"https:\/\/medisina.be\/nl\/onze-activiteiten-en-trainingen\/\",\"name\":\"Onze Medische Activiteiten | Medisina Brussel\",\"isPartOf\":{\"@id\":\"https:\/\/medisina.be\/nl\/#website\"},\"primaryImageOfPage\":{\"@id\":\"https:\/\/medisina.be\/nl\/onze-activiteiten-en-trainingen\/#primaryimage\"},\"image\":{\"@id\":\"https:\/\/medisina.be\/nl\/onze-activiteiten-en-trainingen\/#primaryimage\"},\"thumbnailUrl\":\"https:\/\/medisina.be\/wp-content\/uploads\/2024\/07\/bl2-533x421.webp\",\"datePublished\":\"2024-07-18T16:03:47+00:00\",\"dateModified\":\"2025-09-12T11:57:52+00:00\",\"description\":\"Ontdek alle medische activiteiten bij Medisina in Brussel: consultaties, gespecialiseerde zorg, preventie, welzijn en persoonlijke begeleiding.\",\"breadcrumb\":{\"@id\":\"https:\/\/medisina.be\/nl\/onze-activiteiten-en-trainingen\/#breadcrumb\"},\"inLanguage\":\"nl-NL\",\"potentialAction\":[{\"@type\":\"ReadAction\",\"target\":[\"https:\/\/medisina.be\/nl\/onze-activiteiten-en-trainingen\/\"]}]},{\"@type\":\"ImageObject\",\"inLanguage\":\"nl-NL\",\"@id\":\"https:\/\/medisina.be\/nl\/onze-activiteiten-en-trainingen\/#primaryimage\",\"url\":\"https:\/\/medisina.be\/wp-content\/uploads\/2024\/07\/bl2-533x421.webp\",\"contentUrl\":\"https:\/\/medisina.be\/wp-content\/uploads\/2024\/07\/bl2-533x421.webp\"},{\"@type\":\"BreadcrumbList\",\"@id\":\"https:\/\/medisina.be\/nl\/onze-activiteiten-en-trainingen\/#breadcrumb\",\"itemListElement\":[{\"@type\":\"ListItem\",\"position\":1,\"name\":\"Accueil\",\"item\":\"https:\/\/medisina.be\/nl\/\"},{\"@type\":\"ListItem\",\"position\":2,\"name\":\"Onze activiteiten en trainingen\"}]},{\"@type\":\"WebSite\",\"@id\":\"https:\/\/medisina.be\/nl\/#website\",\"url\":\"https:\/\/medisina.be\/nl\/\",\"name\":\"MediSina Bruxelles\",\"description\":\"M\u00e9decins G\u00e9n\u00e9ralistes et Sp\u00e9cialistes \u00e0 Schaerbeek, Anderlecht et Jette\",\"publisher\":{\"@id\":\"https:\/\/medisina.be\/nl\/#organization\"},\"potentialAction\":[{\"@type\":\"SearchAction\",\"target\":{\"@type\":\"EntryPoint\",\"urlTemplate\":\"https:\/\/medisina.be\/nl\/?s={search_term_string}\"},\"query-input\":{\"@type\":\"PropertyValueSpecification\",\"valueRequired\":true,\"valueName\":\"search_term_string\"}}],\"inLanguage\":\"nl-NL\"},{\"@type\":\"Organization\",\"@id\":\"https:\/\/medisina.be\/nl\/#organization\",\"name\":\"MediSina Bruxelles\",\"url\":\"https:\/\/medisina.be\/nl\/\",\"logo\":{\"@type\":\"ImageObject\",\"inLanguage\":\"nl-NL\",\"@id\":\"https:\/\/medisina.be\/nl\/#\/schema\/logo\/image\/\",\"url\":\"https:\/\/medisina.be\/wp-content\/uploads\/2025\/05\/MediSina_Logo_Pos-scaled.png\",\"contentUrl\":\"https:\/\/medisina.be\/wp-content\/uploads\/2025\/05\/MediSina_Logo_Pos-scaled.png\",\"width\":2560,\"height\":1437,\"caption\":\"MediSina Bruxelles\"},\"image\":{\"@id\":\"https:\/\/medisina.be\/nl\/#\/schema\/logo\/image\/\"}}]}<\/script>\n<!-- \/ Yoast SEO plugin. -->","yoast_head_json":{"title":"Onze Medische Activiteiten | Medisina Brussel","description":"Ontdek alle medische activiteiten bij Medisina in Brussel: consultaties, gespecialiseerde zorg, preventie, welzijn en persoonlijke begeleiding.","robots":{"index":"index","follow":"follow","max-snippet":"max-snippet:-1","max-image-preview":"max-image-preview:large","max-video-preview":"max-video-preview:-1"},"canonical":"https:\/\/medisina.be\/nl\/onze-activiteiten-en-trainingen\/","og_locale":"nl_NL","og_type":"article","og_title":"Onze Medische Activiteiten | Medisina Brussel","og_description":"Ontdek alle medische activiteiten bij Medisina in Brussel: consultaties, gespecialiseerde zorg, preventie, welzijn en persoonlijke begeleiding.","og_url":"https:\/\/medisina.be\/nl\/onze-activiteiten-en-trainingen\/","og_site_name":"MediSina Bruxelles","article_modified_time":"2025-09-12T11:57:52+00:00","og_image":[{"width":1280,"height":853,"url":"https:\/\/medisina.be\/wp-content\/uploads\/2025\/05\/woman-with-skin-cancer-talking-with-doctor.jpg","type":"image\/jpeg"}],"twitter_card":"summary_large_image","twitter_misc":{"Geschatte leestijd":"3 minuten"},"schema":{"@context":"https:\/\/schema.org","@graph":[{"@type":"WebPage","@id":"https:\/\/medisina.be\/nl\/onze-activiteiten-en-trainingen\/","url":"https:\/\/medisina.be\/nl\/onze-activiteiten-en-trainingen\/","name":"Onze Medische Activiteiten | Medisina Brussel","isPartOf":{"@id":"https:\/\/medisina.be\/nl\/#website"},"primaryImageOfPage":{"@id":"https:\/\/medisina.be\/nl\/onze-activiteiten-en-trainingen\/#primaryimage"},"image":{"@id":"https:\/\/medisina.be\/nl\/onze-activiteiten-en-trainingen\/#primaryimage"},"thumbnailUrl":"https:\/\/medisina.be\/wp-content\/uploads\/2024\/07\/bl2-533x421.webp","datePublished":"2024-07-18T16:03:47+00:00","dateModified":"2025-09-12T11:57:52+00:00","description":"Ontdek alle medische activiteiten bij Medisina in Brussel: consultaties, gespecialiseerde zorg, preventie, welzijn en persoonlijke begeleiding.","breadcrumb":{"@id":"https:\/\/medisina.be\/nl\/onze-activiteiten-en-trainingen\/#breadcrumb"},"inLanguage":"nl-NL","potentialAction":[{"@type":"ReadAction","target":["https:\/\/medisina.be\/nl\/onze-activiteiten-en-trainingen\/"]}]},{"@type":"ImageObject","inLanguage":"nl-NL","@id":"https:\/\/medisina.be\/nl\/onze-activiteiten-en-trainingen\/#primaryimage","url":"https:\/\/medisina.be\/wp-content\/uploads\/2024\/07\/bl2-533x421.webp","contentUrl":"https:\/\/medisina.be\/wp-content\/uploads\/2024\/07\/bl2-533x421.webp"},{"@type":"BreadcrumbList","@id":"https:\/\/medisina.be\/nl\/onze-activiteiten-en-trainingen\/#breadcrumb","itemListElement":[{"@type":"ListItem","position":1,"name":"Accueil","item":"https:\/\/medisina.be\/nl\/"},{"@type":"ListItem","position":2,"name":"Onze activiteiten en trainingen"}]},{"@type":"WebSite","@id":"https:\/\/medisina.be\/nl\/#website","url":"https:\/\/medisina.be\/nl\/","name":"MediSina Bruxelles","description":"M\u00e9decins G\u00e9n\u00e9ralistes et Sp\u00e9cialistes \u00e0 Schaerbeek, Anderlecht et Jette","publisher":{"@id":"https:\/\/medisina.be\/nl\/#organization"},"potentialAction":[{"@type":"SearchAction","target":{"@type":"EntryPoint","urlTemplate":"https:\/\/medisina.be\/nl\/?s={search_term_string}"},"query-input":{"@type":"PropertyValueSpecification","valueRequired":true,"valueName":"search_term_string"}}],"inLanguage":"nl-NL"},{"@type":"Organization","@id":"https:\/\/medisina.be\/nl\/#organization","name":"MediSina Bruxelles","url":"https:\/\/medisina.be\/nl\/","logo":{"@type":"ImageObject","inLanguage":"nl-NL","@id":"https:\/\/medisina.be\/nl\/#\/schema\/logo\/image\/","url":"https:\/\/medisina.be\/wp-content\/uploads\/2025\/05\/MediSina_Logo_Pos-scaled.png","contentUrl":"https:\/\/medisina.be\/wp-content\/uploads\/2025\/05\/MediSina_Logo_Pos-scaled.png","width":2560,"height":1437,"caption":"MediSina Bruxelles"},"image":{"@id":"https:\/\/medisina.be\/nl\/#\/schema\/logo\/image\/"}}]}},"_links":{"self":[{"href":"https:\/\/medisina.be\/nl\/wp-json\/wp\/v2\/pages\/13253","targetHints":{"allow":["GET"]}}],"collection":[{"href":"https:\/\/medisina.be\/nl\/wp-json\/wp\/v2\/pages"}],"about":[{"href":"https:\/\/medisina.be\/nl\/wp-json\/wp\/v2\/types\/page"}],"author":[{"embeddable":true,"href":"https:\/\/medisina.be\/nl\/wp-json\/wp\/v2\/users\/1"}],"replies":[{"embeddable":true,"href":"https:\/\/medisina.be\/nl\/wp-json\/wp\/v2\/comments?post=13253"}],"version-history":[{"count":16,"href":"https:\/\/medisina.be\/nl\/wp-json\/wp\/v2\/pages\/13253\/revisions"}],"predecessor-version":[{"id":14306,"href":"https:\/\/medisina.be\/nl\/wp-json\/wp\/v2\/pages\/13253\/revisions\/14306"}],"wp:attachment":[{"href":"https:\/\/medisina.be\/nl\/wp-json\/wp\/v2\/media?parent=13253"}],"curies":[{"name":"wp","href":"https:\/\/api.w.org\/{rel}","templated":true}]}}