{"id":13249,"date":"2024-07-18T16:04:37","date_gmt":"2024-07-18T16:04:37","guid":{"rendered":"https:\/\/medisina.demobeativo.be\/baanaanbod\/"},"modified":"2025-09-12T12:00:28","modified_gmt":"2025-09-12T12:00:28","slug":"vacatures","status":"publish","type":"page","link":"https:\/\/medisina.be\/nl\/vacatures\/","title":{"rendered":"Vacatures"},"content":{"rendered":"\t\t<div data-elementor-type=\"wp-page\" data-elementor-id=\"13249\" class=\"elementor elementor-13249 elementor-37\">\n\t\t\t\t        <section class=\"elementor-section elementor-top-section elementor-element elementor-element-b1e8747 elementor-section-stretched elementor-section-boxed elementor-section-height-default elementor-section-height-default pxl-row-scroll-none pxl-zoom-point-false pxl-section-overflow-visible pxl-section-fix-none pxl-bg-color-none pxl-section-overlay-none\" data-id=\"b1e8747\" data-element_type=\"section\" data-settings=\"{&quot;stretch_section&quot;:&quot;section-stretched&quot;}\">\n\n                \n                <div class=\"elementor-container elementor-column-gap-extended \">\n                <div class=\"elementor-column elementor-col-100 elementor-top-column elementor-element elementor-element-e1d2189 pxl-column-none\" data-id=\"e1d2189\" data-element_type=\"column\" data-settings=\"{&quot;background_background&quot;:&quot;classic&quot;}\">\r\n        <div class=\"elementor-widget-wrap elementor-element-populated\">\r\n                                <div class=\"elementor-background-overlay\"><\/div>\r\n         \r\n                <section class=\"elementor-section elementor-inner-section elementor-element elementor-element-cc36173 elementor-section-content-bottom elementor-section-boxed elementor-section-height-default elementor-section-height-default pxl-row-scroll-none pxl-zoom-point-false pxl-section-overflow-visible pxl-section-fix-none pxl-bg-color-none pxl-section-overlay-none\" data-id=\"cc36173\" data-element_type=\"section\">\n\n                \n                <div class=\"elementor-container elementor-column-gap-extended \">\n                <div class=\"elementor-column elementor-col-50 elementor-inner-column elementor-element elementor-element-c17c759 pxl-column-none pxl-column-overflow-hidden-no\" data-id=\"c17c759\" data-element_type=\"column\">\r\n        <div class=\"elementor-widget-wrap elementor-element-populated\">\r\n                     \r\n        \t\t<div class=\"elementor-element elementor-element-89fb560 elementor-widget__width-auto elementor-widget elementor-widget-pxl_heading\" data-id=\"89fb560\" data-element_type=\"widget\" data-widget_type=\"pxl_heading.default\">\n\t\t\t\t<div class=\"elementor-widget-container\">\n\t\t\t\t\t\n<div id=\"pxl-pxl_heading-89fb560-8433\" class=\"pxl-heading px-sub-title-default-style \">\n\t<div class=\"pxl-heading--inner\">\n\t\t\n\t\t<h3 class=\"pxl-item--title style-default  highlight-default \" data-wow-delay=\"ms\">\n\t\t\t\t\tWerken bij MediSina.\t\n\t\t\t\n\t\t<\/h3>\n\t\t\n\t<\/div>\n<\/div>\t\t\t\t<\/div>\n\t\t\t\t<\/div>\n\t\t            <\/div>\r\n        <\/div>\r\n                <div class=\"elementor-column elementor-col-50 elementor-inner-column elementor-element elementor-element-dc2e552 pxl-column-none pxl-column-overflow-hidden-no\" data-id=\"dc2e552\" data-element_type=\"column\">\r\n        <div class=\"elementor-widget-wrap elementor-element-populated\">\r\n                     \r\n        \t\t<div class=\"elementor-element elementor-element-a712f9e elementor-widget__width-auto elementor-widget elementor-widget-pxl_breadcrumb\" data-id=\"a712f9e\" data-element_type=\"widget\" data-widget_type=\"pxl_breadcrumb.default\">\n\t\t\t\t<div class=\"elementor-widget-container\">\n\t\t\t\t\t<div class=\"pxl-breadcrumb-wrap\">\n\t<ul class=\"pxl-breadcrumb\"><li><span class=\"breadcrumb-entry\">Home<\/span><\/li><\/ul><\/div>\t\t\t\t<\/div>\n\t\t\t\t<\/div>\n\t\t            <\/div>\r\n        <\/div>\r\n        \t\t\t<\/div>\n\t\t<\/section>\n\t\t            <\/div>\r\n        <\/div>\r\n        \t\t\t<\/div>\n\t\t<\/section>\n\t\t        <section class=\"elementor-section elementor-top-section elementor-element elementor-element-ed9df6f elementor-section-stretched elementor-section-boxed elementor-section-height-default elementor-section-height-default pxl-row-scroll-none pxl-zoom-point-false pxl-section-overflow-visible pxl-section-fix-none pxl-bg-color-none pxl-section-overlay-none\" data-id=\"ed9df6f\" data-element_type=\"section\" data-settings=\"{&quot;stretch_section&quot;:&quot;section-stretched&quot;}\">\n\n                \n                <div class=\"elementor-container elementor-column-gap-extended \">\n                <div class=\"elementor-column elementor-col-100 elementor-top-column elementor-element elementor-element-1090834 pxl-column-overflow-hidden-yes pxl-column-none\" data-id=\"1090834\" data-element_type=\"column\" data-settings=\"{&quot;background_background&quot;:&quot;classic&quot;}\">\r\n        <div class=\"elementor-widget-wrap elementor-element-populated\">\r\n                     \r\n        \t\t<div class=\"elementor-element elementor-element-26f1873 pxl-post-layout-portfolio-3 elementor-widget elementor-widget-pxl_post_grid\" data-id=\"26f1873\" data-element_type=\"widget\" data-widget_type=\"pxl_post_grid.default\">\n\t\t\t\t<div class=\"elementor-widget-container\">\n\t\t\t\t\t\n<div id=\"pxl_post_grid-26f1873-4498\" class=\"pxl-grid pxl-portfolio-grid pxl-portfolio-grid-layout3 pxl-portfolio-style3\" data-start-page=\"1\" data-max-pages=\"1\" data-total=\"2\" data-perpage=\"12\" data-next-link=\"\" data-layout=\"fitRows\">\n    \n    <div class=\"pxl-grid-inner pxl-grid-masonry row\" data-gutter=\"15\">\n        <div class=\"grid-sizer col-xxl-3 col-xl-3 col-lg-3 col-md-4 col-sm-6 col-12\"><\/div>\n                        <div class=\"pxl-grid-item col-xxl-3 col-xl-3 col-lg-3 col-md-4 col-sm-6 col-12 ongevraagde-sollicitatie\">\n                    <div class=\"pxl-post--inner \" data-wow-duration=\"1.2s\">\n                        <div class=\"pxl-post--holder\">\n                                                            <div class=\"pxl-post--category\">\n                                    <a href=\"https:\/\/medisina.be\/nl\/portfolio\/ongevraagde-sollicitatie\/\" rel=\"tag\">Ongevraagde sollicitatie<\/a>                                <\/div>\n                                                        <h5 class=\"pxl-post--title\">\n                                <a href=\"https:\/\/medisina.be\/nl\/portfolio\/ongevraagde-sollicitatie\/\">   \n                                    Ongevraagde sollicitatie                                <\/a>\n                            <\/h5>\n                                                            <div class=\"pxl-post--content\">\n                                                                                                                                                <\/div>\n                                                    <\/div>\n                        <div class=\"pxl-post--featured hover-imge-effect3\">\n                            <a href=\"https:\/\/medisina.be\/nl\/portfolio\/ongevraagde-sollicitatie\/\">   \n                                <img fetchpriority=\"high\" decoding=\"async\" class=\"no-lazyload \" src=\"https:\/\/medisina.be\/wp-content\/uploads\/2025\/06\/doctor-300x300.webp\" width=\"300\" height=\"300\" alt=\"Web\" title=\"Web\" \/>                            <\/a>\n                        <\/div>\n                    <\/div>\n                <\/div>\n                                    <div class=\"pxl-grid-item col-xxl-3 col-xl-3 col-lg-3 col-md-4 col-sm-6 col-12 ziekenboeg\">\n                    <div class=\"pxl-post--inner \" data-wow-duration=\"1.2s\">\n                        <div class=\"pxl-post--holder\">\n                                                            <div class=\"pxl-post--category\">\n                                    <a href=\"https:\/\/medisina.be\/nl\/portfolio\/ziekenboeg\/\" rel=\"tag\">Ziekenboeg<\/a>                                <\/div>\n                                                        <h5 class=\"pxl-post--title\">\n                                <a href=\"https:\/\/medisina.be\/nl\/portfolio\/verpleegkundige\/\">   \n                                    Verpleegkundige                                <\/a>\n                            <\/h5>\n                                                            <div class=\"pxl-post--content\">\n                                                                                                                                                <\/div>\n                                                    <\/div>\n                        <div class=\"pxl-post--featured hover-imge-effect3\">\n                            <a href=\"https:\/\/medisina.be\/nl\/portfolio\/verpleegkundige\/\">   \n                                <img decoding=\"async\" class=\"no-lazyload \" src=\"https:\/\/medisina.be\/wp-content\/uploads\/2024\/10\/h5-2-1-300x300.webp\" width=\"300\" height=\"300\" alt=\"h5-2.webp\" title=\"h5-2.webp\" \/>                            <\/a>\n                        <\/div>\n                    <\/div>\n                <\/div>\n                        <\/div>\n        <\/div>\t\t\t\t<\/div>\n\t\t\t\t<\/div>\n\t\t            <\/div>\r\n        <\/div>\r\n        \t\t\t<\/div>\n\t\t<\/section>\n\t\t\t\t<\/div>\n\t\t","protected":false},"excerpt":{"rendered":"<p>Werken bij MediSina. Accueil Infirmerie Infirmier premiers soins Dentisterie Chirurgien dentaire Dentisterie Dentiste Bucco-dentaire<\/p>\n","protected":false},"author":1,"featured_media":0,"parent":0,"menu_order":0,"comment_status":"closed","ping_status":"closed","template":"","meta":{"footnotes":""},"class_list":["post-13249","page","type-page","status-publish","hentry"],"yoast_head":"<!-- This site is optimized with the Yoast SEO plugin v25.9 - https:\/\/yoast.com\/wordpress\/plugins\/seo\/ -->\n<title>Vacatures | Word Deel van Medisina Brussel<\/title>\n<meta name=\"description\" content=\"Ontdek de openstaande vacatures bij Medisina in Brussel. Sluit u aan bij een gepassioneerd medisch team en draag bij aan de gezondheid van onze pati\u00ebnten.\" \/>\n<meta name=\"robots\" content=\"index, follow, max-snippet:-1, max-image-preview:large, max-video-preview:-1\" \/>\n<link rel=\"canonical\" href=\"https:\/\/medisina.be\/nl\/vacatures\/\" \/>\n<meta property=\"og:locale\" content=\"nl_NL\" \/>\n<meta property=\"og:type\" content=\"article\" \/>\n<meta property=\"og:title\" content=\"Vacatures | Word Deel van Medisina Brussel\" \/>\n<meta property=\"og:description\" content=\"Ontdek de openstaande vacatures bij Medisina in Brussel. Sluit u aan bij een gepassioneerd medisch team en draag bij aan de gezondheid van onze pati\u00ebnten.\" \/>\n<meta property=\"og:url\" content=\"https:\/\/medisina.be\/nl\/vacatures\/\" \/>\n<meta property=\"og:site_name\" content=\"MediSina Bruxelles\" \/>\n<meta property=\"article:modified_time\" content=\"2025-09-12T12:00:28+00:00\" \/>\n<meta property=\"og:image\" content=\"https:\/\/medisina.be\/wp-content\/uploads\/2024\/10\/happy-woman-doctor-and-tablet-with-brain-scan-in-2025-04-06-12-35-29-utc.webp\" \/>\n\t<meta property=\"og:image:width\" content=\"1280\" \/>\n\t<meta property=\"og:image:height\" content=\"885\" \/>\n\t<meta property=\"og:image:type\" content=\"image\/jpeg\" \/>\n<meta name=\"twitter:card\" content=\"summary_large_image\" \/>\n<meta name=\"twitter:label1\" content=\"Geschatte leestijd\" \/>\n\t<meta name=\"twitter:data1\" content=\"1 minuut\" \/>\n<script type=\"application\/ld+json\" class=\"yoast-schema-graph\">{\"@context\":\"https:\/\/schema.org\",\"@graph\":[{\"@type\":\"WebPage\",\"@id\":\"https:\/\/medisina.be\/nl\/vacatures\/\",\"url\":\"https:\/\/medisina.be\/nl\/vacatures\/\",\"name\":\"Vacatures | Word Deel van Medisina Brussel\",\"isPartOf\":{\"@id\":\"https:\/\/medisina.be\/nl\/#website\"},\"primaryImageOfPage\":{\"@id\":\"https:\/\/medisina.be\/nl\/vacatures\/#primaryimage\"},\"image\":{\"@id\":\"https:\/\/medisina.be\/nl\/vacatures\/#primaryimage\"},\"thumbnailUrl\":\"https:\/\/medisina.be\/wp-content\/uploads\/2025\/05\/doctor-showing-problem-300x300.jpg\",\"datePublished\":\"2024-07-18T16:04:37+00:00\",\"dateModified\":\"2025-09-12T12:00:28+00:00\",\"description\":\"Ontdek de openstaande vacatures bij Medisina in Brussel. Sluit u aan bij een gepassioneerd medisch team en draag bij aan de gezondheid van onze pati\u00ebnten.\",\"breadcrumb\":{\"@id\":\"https:\/\/medisina.be\/nl\/vacatures\/#breadcrumb\"},\"inLanguage\":\"nl-NL\",\"potentialAction\":[{\"@type\":\"ReadAction\",\"target\":[\"https:\/\/medisina.be\/nl\/vacatures\/\"]}]},{\"@type\":\"ImageObject\",\"inLanguage\":\"nl-NL\",\"@id\":\"https:\/\/medisina.be\/nl\/vacatures\/#primaryimage\",\"url\":\"https:\/\/medisina.be\/wp-content\/uploads\/2025\/05\/doctor-showing-problem-300x300.jpg\",\"contentUrl\":\"https:\/\/medisina.be\/wp-content\/uploads\/2025\/05\/doctor-showing-problem-300x300.jpg\"},{\"@type\":\"BreadcrumbList\",\"@id\":\"https:\/\/medisina.be\/nl\/vacatures\/#breadcrumb\",\"itemListElement\":[{\"@type\":\"ListItem\",\"position\":1,\"name\":\"Accueil\",\"item\":\"https:\/\/medisina.be\/nl\/\"},{\"@type\":\"ListItem\",\"position\":2,\"name\":\"Vacatures\"}]},{\"@type\":\"WebSite\",\"@id\":\"https:\/\/medisina.be\/nl\/#website\",\"url\":\"https:\/\/medisina.be\/nl\/\",\"name\":\"MediSina Bruxelles\",\"description\":\"M\u00e9decins G\u00e9n\u00e9ralistes et Sp\u00e9cialistes \u00e0 Schaerbeek, Anderlecht et Jette\",\"publisher\":{\"@id\":\"https:\/\/medisina.be\/nl\/#organization\"},\"potentialAction\":[{\"@type\":\"SearchAction\",\"target\":{\"@type\":\"EntryPoint\",\"urlTemplate\":\"https:\/\/medisina.be\/nl\/?s={search_term_string}\"},\"query-input\":{\"@type\":\"PropertyValueSpecification\",\"valueRequired\":true,\"valueName\":\"search_term_string\"}}],\"inLanguage\":\"nl-NL\"},{\"@type\":\"Organization\",\"@id\":\"https:\/\/medisina.be\/nl\/#organization\",\"name\":\"MediSina Bruxelles\",\"url\":\"https:\/\/medisina.be\/nl\/\",\"logo\":{\"@type\":\"ImageObject\",\"inLanguage\":\"nl-NL\",\"@id\":\"https:\/\/medisina.be\/nl\/#\/schema\/logo\/image\/\",\"url\":\"https:\/\/medisina.be\/wp-content\/uploads\/2025\/05\/MediSina_Logo_Pos-scaled.png\",\"contentUrl\":\"https:\/\/medisina.be\/wp-content\/uploads\/2025\/05\/MediSina_Logo_Pos-scaled.png\",\"width\":2560,\"height\":1437,\"caption\":\"MediSina Bruxelles\"},\"image\":{\"@id\":\"https:\/\/medisina.be\/nl\/#\/schema\/logo\/image\/\"}}]}<\/script>\n<!-- \/ Yoast SEO plugin. -->","yoast_head_json":{"title":"Vacatures | Word Deel van Medisina Brussel","description":"Ontdek de openstaande vacatures bij Medisina in Brussel. Sluit u aan bij een gepassioneerd medisch team en draag bij aan de gezondheid van onze pati\u00ebnten.","robots":{"index":"index","follow":"follow","max-snippet":"max-snippet:-1","max-image-preview":"max-image-preview:large","max-video-preview":"max-video-preview:-1"},"canonical":"https:\/\/medisina.be\/nl\/vacatures\/","og_locale":"nl_NL","og_type":"article","og_title":"Vacatures | Word Deel van Medisina Brussel","og_description":"Ontdek de openstaande vacatures bij Medisina in Brussel. Sluit u aan bij een gepassioneerd medisch team en draag bij aan de gezondheid van onze pati\u00ebnten.","og_url":"https:\/\/medisina.be\/nl\/vacatures\/","og_site_name":"MediSina Bruxelles","article_modified_time":"2025-09-12T12:00:28+00:00","og_image":[{"width":1280,"height":885,"url":"https:\/\/medisina.be\/wp-content\/uploads\/2024\/10\/happy-woman-doctor-and-tablet-with-brain-scan-in-2025-04-06-12-35-29-utc.webp","type":"image\/jpeg"}],"twitter_card":"summary_large_image","twitter_misc":{"Geschatte leestijd":"1 minuut"},"schema":{"@context":"https:\/\/schema.org","@graph":[{"@type":"WebPage","@id":"https:\/\/medisina.be\/nl\/vacatures\/","url":"https:\/\/medisina.be\/nl\/vacatures\/","name":"Vacatures | Word Deel van Medisina Brussel","isPartOf":{"@id":"https:\/\/medisina.be\/nl\/#website"},"primaryImageOfPage":{"@id":"https:\/\/medisina.be\/nl\/vacatures\/#primaryimage"},"image":{"@id":"https:\/\/medisina.be\/nl\/vacatures\/#primaryimage"},"thumbnailUrl":"https:\/\/medisina.be\/wp-content\/uploads\/2025\/05\/doctor-showing-problem-300x300.jpg","datePublished":"2024-07-18T16:04:37+00:00","dateModified":"2025-09-12T12:00:28+00:00","description":"Ontdek de openstaande vacatures bij Medisina in Brussel. Sluit u aan bij een gepassioneerd medisch team en draag bij aan de gezondheid van onze pati\u00ebnten.","breadcrumb":{"@id":"https:\/\/medisina.be\/nl\/vacatures\/#breadcrumb"},"inLanguage":"nl-NL","potentialAction":[{"@type":"ReadAction","target":["https:\/\/medisina.be\/nl\/vacatures\/"]}]},{"@type":"ImageObject","inLanguage":"nl-NL","@id":"https:\/\/medisina.be\/nl\/vacatures\/#primaryimage","url":"https:\/\/medisina.be\/wp-content\/uploads\/2025\/05\/doctor-showing-problem-300x300.jpg","contentUrl":"https:\/\/medisina.be\/wp-content\/uploads\/2025\/05\/doctor-showing-problem-300x300.jpg"},{"@type":"BreadcrumbList","@id":"https:\/\/medisina.be\/nl\/vacatures\/#breadcrumb","itemListElement":[{"@type":"ListItem","position":1,"name":"Accueil","item":"https:\/\/medisina.be\/nl\/"},{"@type":"ListItem","position":2,"name":"Vacatures"}]},{"@type":"WebSite","@id":"https:\/\/medisina.be\/nl\/#website","url":"https:\/\/medisina.be\/nl\/","name":"MediSina Bruxelles","description":"M\u00e9decins G\u00e9n\u00e9ralistes et Sp\u00e9cialistes \u00e0 Schaerbeek, Anderlecht et Jette","publisher":{"@id":"https:\/\/medisina.be\/nl\/#organization"},"potentialAction":[{"@type":"SearchAction","target":{"@type":"EntryPoint","urlTemplate":"https:\/\/medisina.be\/nl\/?s={search_term_string}"},"query-input":{"@type":"PropertyValueSpecification","valueRequired":true,"valueName":"search_term_string"}}],"inLanguage":"nl-NL"},{"@type":"Organization","@id":"https:\/\/medisina.be\/nl\/#organization","name":"MediSina Bruxelles","url":"https:\/\/medisina.be\/nl\/","logo":{"@type":"ImageObject","inLanguage":"nl-NL","@id":"https:\/\/medisina.be\/nl\/#\/schema\/logo\/image\/","url":"https:\/\/medisina.be\/wp-content\/uploads\/2025\/05\/MediSina_Logo_Pos-scaled.png","contentUrl":"https:\/\/medisina.be\/wp-content\/uploads\/2025\/05\/MediSina_Logo_Pos-scaled.png","width":2560,"height":1437,"caption":"MediSina Bruxelles"},"image":{"@id":"https:\/\/medisina.be\/nl\/#\/schema\/logo\/image\/"}}]}},"_links":{"self":[{"href":"https:\/\/medisina.be\/nl\/wp-json\/wp\/v2\/pages\/13249","targetHints":{"allow":["GET"]}}],"collection":[{"href":"https:\/\/medisina.be\/nl\/wp-json\/wp\/v2\/pages"}],"about":[{"href":"https:\/\/medisina.be\/nl\/wp-json\/wp\/v2\/types\/page"}],"author":[{"embeddable":true,"href":"https:\/\/medisina.be\/nl\/wp-json\/wp\/v2\/users\/1"}],"replies":[{"embeddable":true,"href":"https:\/\/medisina.be\/nl\/wp-json\/wp\/v2\/comments?post=13249"}],"version-history":[{"count":9,"href":"https:\/\/medisina.be\/nl\/wp-json\/wp\/v2\/pages\/13249\/revisions"}],"predecessor-version":[{"id":13850,"href":"https:\/\/medisina.be\/nl\/wp-json\/wp\/v2\/pages\/13249\/revisions\/13850"}],"wp:attachment":[{"href":"https:\/\/medisina.be\/nl\/wp-json\/wp\/v2\/media?parent=13249"}],"curies":[{"name":"wp","href":"https:\/\/api.w.org\/{rel}","templated":true}]}}